{"id":913,"date":"2021-01-27T08:53:04","date_gmt":"2021-01-27T08:53:04","guid":{"rendered":"https:\/\/www.obsession.team\/?page_id=913"},"modified":"2021-04-16T11:22:07","modified_gmt":"2021-04-16T11:22:07","slug":"my-exotic-212-multi","status":"publish","type":"page","link":"https:\/\/www.obsession.team\/en\/teppiche\/my-exotic-212-multi\/","title":{"rendered":"MY EXOTIC 212 MULTI"},"content":{"rendered":"<div data-elementor-type=\"wp-page\" data-elementor-id=\"913\" class=\"elementor elementor-913\">\n\t\t\t\t\t\t\t\t\t<section class=\"elementor-section elementor-top-section elementor-element elementor-element-7d2405a7 elementor-section-boxed elementor-section-height-default elementor-section-height-default\" data-id=\"7d2405a7\" data-element_type=\"section\">\n\t\t\t\t\t\t<div class=\"elementor-container elementor-column-gap-default\">\n\t\t\t\t\t<div class=\"elementor-column elementor-col-100 elementor-top-column elementor-element elementor-element-9e671f8\" data-id=\"9e671f8\" data-element_type=\"column\">\n\t\t\t<div class=\"elementor-widget-wrap elementor-element-populated\">\n\t\t\t\t\t\t\t\t<div class=\"elementor-element elementor-element-13edbb99 elementor-widget elementor-widget-heading\" data-id=\"13edbb99\" data-element_type=\"widget\" data-widget_type=\"heading.default\">\n\t\t\t\t<div class=\"elementor-widget-container\">\n\t\t\t<h2 class=\"elementor-heading-title elementor-size-default\">OBSESSION BASICS<\/h2>\t\t<\/div>\n\t\t\t\t<\/div>\n\t\t\t\t<div class=\"elementor-element elementor-element-5d9ba0ad elementor-widget-divider--view-line elementor-widget elementor-widget-divider\" data-id=\"5d9ba0ad\" data-element_type=\"widget\" data-widget_type=\"divider.default\">\n\t\t\t\t<div class=\"elementor-widget-container\">\n\t\t\t\t\t<div class=\"elementor-divider\">\n\t\t\t<span class=\"elementor-divider-separator\">\n\t\t\t\t\t\t<\/span>\n\t\t<\/div>\n\t\t\t\t<\/div>\n\t\t\t\t<\/div>\n\t\t\t\t<div class=\"elementor-element elementor-element-15ea67a3 elementor-widget elementor-widget-spacer\" data-id=\"15ea67a3\" data-element_type=\"widget\" data-widget_type=\"spacer.default\">\n\t\t\t\t<div class=\"elementor-widget-container\">\n\t\t\t\t\t<div class=\"elementor-spacer\">\n\t\t\t<div class=\"elementor-spacer-inner\"><\/div>\n\t\t<\/div>\n\t\t\t\t<\/div>\n\t\t\t\t<\/div>\n\t\t\t\t<div class=\"elementor-element elementor-element-69950312 elementor-widget elementor-widget-heading\" data-id=\"69950312\" data-element_type=\"widget\" data-widget_type=\"heading.default\">\n\t\t\t\t<div class=\"elementor-widget-container\">\n\t\t\t<h2 class=\"elementor-heading-title elementor-size-default\">MY EXOTIC 212 MULTI<\/h2>\t\t<\/div>\n\t\t\t\t<\/div>\n\t\t\t\t<div class=\"elementor-element elementor-element-21fbbfd2 elementor-widget elementor-widget-text-editor\" data-id=\"21fbbfd2\" data-element_type=\"widget\" data-widget_type=\"text-editor.default\">\n\t\t\t\t<div class=\"elementor-widget-container\">\n\t\t\t\t\t\t\t<p>Nur eine von vielen Qualit\u00e4ten aus unseren Sortiment. Schauen Sie doch in unseren aktuellen <b><a href=\"https:\/\/www.obsession.team\/en\/katalog\/\">Catalog<\/a> <\/b>nach weiteren modernen Qualit\u00e4ten oder <a href=\"https:\/\/www.obsession.team\/en\/kontakt\/\">kontaktieren<\/a> Sie uns und wir senden Ihnen eine Produkt\u00fcbersicht zu.&nbsp;<\/p>\n<p>Is a retrospective allowed if the artist hasn't even worked for ten years? The artist, in the case of us, the TEAM of OBSESSION, and the retrospective, this is our new design carpet My Exotic, re-recording many elements of our last collections. He impresses with his creative audacity, a choice of images, a motif arrangement full of opulence, chutzpah and self-confidence. The animal istic and floral echoes are sometimes psychedelic interwoven, sometimes adapted in geometric structure and sometimes presented to a garden of Eden as a large panorama. The material base is of high quality worked by 100% polyester chenille. This creates a shiny impression of noble appearance. So why not look back when it's actually a look forward. Some have taste, others have courage \u2013 and we have both. Make a strong statement with the My Exotic design carpet from OBSESSION and become our fan!&nbsp;&nbsp;<\/p>\t\t\t\t\t\t<\/div>\n\t\t\t\t<\/div>\n\t\t\t\t<div class=\"elementor-element elementor-element-6b42d29 elementor-icon-list--layout-inline elementor-align-center elementor-list-item-link-full_width elementor-widget elementor-widget-icon-list\" data-id=\"6b42d29\" data-element_type=\"widget\" data-widget_type=\"icon-list.default\">\n\t\t\t\t<div class=\"elementor-widget-container\">\n\t\t\t\t\t<ul class=\"elementor-icon-list-items elementor-inline-items\">\n\t\t\t\t\t\t\t<li class=\"elementor-icon-list-item elementor-inline-item\">\n\t\t\t\t\t\t\t\t\t\t\t<span class=\"elementor-icon-list-icon\">\n\t\t\t\t\t\t\t<i aria-hidden=\"true\" class=\"nc-icon-outline shopping_tag\"><\/i>\t\t\t\t\t\t<\/span>\n\t\t\t\t\t\t\t\t\t\t<span class=\"elementor-icon-list-text\">Artikel: MY EXOTIC 212 MULTI<\/span>\n\t\t\t\t\t\t\t\t\t<\/li>\n\t\t\t\t\t\t\t\t<li class=\"elementor-icon-list-item elementor-inline-item\">\n\t\t\t\t\t\t\t\t\t\t\t<span class=\"elementor-icon-list-icon\">\n\t\t\t\t\t\t\t<i aria-hidden=\"true\" class=\"far fa-hand-paper\"><\/i>\t\t\t\t\t\t<\/span>\n\t\t\t\t\t\t\t\t\t\t<span class=\"elementor-icon-list-text\">Verarbeitung: Extrem Weich, Bedruckt<\/span>\n\t\t\t\t\t\t\t\t\t<\/li>\n\t\t\t\t\t\t\t\t<li class=\"elementor-icon-list-item elementor-inline-item\">\n\t\t\t\t\t\t\t\t\t\t\t<span class=\"elementor-icon-list-icon\">\n\t\t\t\t\t\t\t<i aria-hidden=\"true\" class=\"fas fa-arrows-alt-h\"><\/i>\t\t\t\t\t\t<\/span>\n\t\t\t\t\t\t\t\t\t\t<span class=\"elementor-icon-list-text\">Gr\u00f6\u00dfen: ca. 160 x 230 . 120 x 170 . Design 476 + 477 + 478 nur in 080 x 080 rund, 120 x 120 rund<\/span>\n\t\t\t\t\t\t\t\t\t<\/li>\n\t\t\t\t\t\t<\/ul>\n\t\t\t\t<\/div>\n\t\t\t\t<\/div>\n\t\t\t\t<div class=\"elementor-element elementor-element-a3b2de6 elementor-icon-list--layout-inline elementor-align-center elementor-list-item-link-full_width elementor-widget elementor-widget-icon-list\" data-id=\"a3b2de6\" data-element_type=\"widget\" data-widget_type=\"icon-list.default\">\n\t\t\t\t<div class=\"elementor-widget-container\">\n\t\t\t\t\t<ul class=\"elementor-icon-list-items elementor-inline-items\">\n\t\t\t\t\t\t\t<li class=\"elementor-icon-list-item elementor-inline-item\">\n\t\t\t\t\t\t\t\t\t\t\t<span class=\"elementor-icon-list-icon\">\n\t\t\t\t\t\t\t<i aria-hidden=\"true\" class=\"fas fa-weight-hanging\"><\/i>\t\t\t\t\t\t<\/span>\n\t\t\t\t\t\t\t\t\t\t<span class=\"elementor-icon-list-text\">Gewicht: ca. 1600 g\/m\u00b2<\/span>\n\t\t\t\t\t\t\t\t\t<\/li>\n\t\t\t\t\t\t\t\t<li class=\"elementor-icon-list-item elementor-inline-item\">\n\t\t\t\t\t\t\t\t\t\t\t<span class=\"elementor-icon-list-icon\">\n\t\t\t\t\t\t\t<i aria-hidden=\"true\" class=\"nc-icon-outline nature_plant-vase\"><\/i>\t\t\t\t\t\t<\/span>\n\t\t\t\t\t\t\t\t\t\t<span class=\"elementor-icon-list-text\">Material: 100% Polyester<\/span>\n\t\t\t\t\t\t\t\t\t<\/li>\n\t\t\t\t\t\t\t\t<li class=\"elementor-icon-list-item elementor-inline-item\">\n\t\t\t\t\t\t\t\t\t\t\t<span class=\"elementor-icon-list-icon\">\n\t\t\t\t\t\t\t<i aria-hidden=\"true\" class=\"fas fa-arrows-alt-v\"><\/i>\t\t\t\t\t\t<\/span>\n\t\t\t\t\t\t\t\t\t\t<span class=\"elementor-icon-list-text\">Gesamth\u00f6he: ca. 13 mm<\/span>\n\t\t\t\t\t\t\t\t\t<\/li>\n\t\t\t\t\t\t<\/ul>\n\t\t\t\t<\/div>\n\t\t\t\t<\/div>\n\t\t\t\t<div class=\"elementor-element elementor-element-75d95e60 elementor-widget elementor-widget-text-editor\" data-id=\"75d95e60\" data-element_type=\"widget\" data-widget_type=\"text-editor.default\">\n\t\t\t\t<div class=\"elementor-widget-container\">\n\t\t\t\t\t\t\t<section class=\"av_textblock_section\"><div class=\"avia_textblock\"><p><strong>Carpet Care Information<\/strong><\/p><\/div><\/section><section class=\"av_textblock_section\"><div class=\"avia_textblock\"><p>Regular suction with a commercially available vacuum cleaner. Please do not use a brush vacuum cleaner as it may cause damage to the carpet. Easily pat stains with a damp cloth and remove them from the trade with a carpet cleaner. The carpet must not be cleaned wet.<\/p><\/div><\/section>\t\t\t\t\t\t<\/div>\n\t\t\t\t<\/div>\n\t\t\t\t<div class=\"elementor-element elementor-element-33dddc07 elementor-widget-divider--view-line elementor-widget elementor-widget-divider\" data-id=\"33dddc07\" data-element_type=\"widget\" data-widget_type=\"divider.default\">\n\t\t\t\t<div class=\"elementor-widget-container\">\n\t\t\t\t\t<div class=\"elementor-divider\">\n\t\t\t<span class=\"elementor-divider-separator\">\n\t\t\t\t\t\t<\/span>\n\t\t<\/div>\n\t\t\t\t<\/div>\n\t\t\t\t<\/div>\n\t\t\t\t\t<\/div>\n\t\t<\/div>\n\t\t\t\t\t\t\t<\/div>\n\t\t<\/section>\n\t\t\t\t\t\t\t<\/div>","protected":false},"excerpt":{"rendered":"<p>OBSESSION BASICS MY EXOTIC 212 MULTI Nur eine von vielen Qualit\u00e4ten aus unseren Sortiment. Schauen Sie doch in unseren aktuellen Katalog nach weiteren modernen Qualit\u00e4ten oder kontaktieren Sie uns und wir senden Ihnen eine Produkt\u00fcbersicht zu.&nbsp; Ist eine Retrospektive erlaubt, wenn der K\u00fcnstler noch nicht einmal zehn Jahre&nbsp; wirkt? Der K\u00fcnstler, das sind im Fall [&hellip;]<\/p>\n","protected":false},"author":1,"featured_media":0,"parent":1354,"menu_order":0,"comment_status":"closed","ping_status":"closed","template":"page-templates\/fullwidth-content.php","meta":[],"_links":{"self":[{"href":"https:\/\/www.obsession.team\/en\/wp-json\/wp\/v2\/pages\/913"}],"collection":[{"href":"https:\/\/www.obsession.team\/en\/wp-json\/wp\/v2\/pages"}],"about":[{"href":"https:\/\/www.obsession.team\/en\/wp-json\/wp\/v2\/types\/page"}],"author":[{"embeddable":true,"href":"https:\/\/www.obsession.team\/en\/wp-json\/wp\/v2\/users\/1"}],"replies":[{"embeddable":true,"href":"https:\/\/www.obsession.team\/en\/wp-json\/wp\/v2\/comments?post=913"}],"version-history":[{"count":54,"href":"https:\/\/www.obsession.team\/en\/wp-json\/wp\/v2\/pages\/913\/revisions"}],"predecessor-version":[{"id":2135,"href":"https:\/\/www.obsession.team\/en\/wp-json\/wp\/v2\/pages\/913\/revisions\/2135"}],"up":[{"embeddable":true,"href":"https:\/\/www.obsession.team\/en\/wp-json\/wp\/v2\/pages\/1354"}],"wp:attachment":[{"href":"https:\/\/www.obsession.team\/en\/wp-json\/wp\/v2\/media?parent=913"}],"curies":[{"name":"wp","href":"https:\/\/api.w.org\/{rel}","templated":true}]}}