{"id":1809,"date":"2021-02-12T12:19:45","date_gmt":"2021-02-12T12:19:45","guid":{"rendered":"https:\/\/www.obsession.team\/?page_id=1809"},"modified":"2021-04-16T11:10:02","modified_gmt":"2021-04-16T11:10:02","slug":"my-torino-kids-231-street","status":"publish","type":"page","link":"https:\/\/www.obsession.team\/en\/teppiche\/my-torino-kids-231-street\/","title":{"rendered":"MY TORINO KIDS 231 STREET"},"content":{"rendered":"<div data-elementor-type=\"wp-page\" data-elementor-id=\"1809\" class=\"elementor elementor-1809\">\n\t\t\t\t\t\t\t\t\t<section class=\"elementor-section elementor-top-section elementor-element elementor-element-1a666fc0 elementor-section-boxed elementor-section-height-default elementor-section-height-default\" data-id=\"1a666fc0\" data-element_type=\"section\">\n\t\t\t\t\t\t<div class=\"elementor-container elementor-column-gap-default\">\n\t\t\t\t\t<div class=\"elementor-column elementor-col-100 elementor-top-column elementor-element elementor-element-4cfd359a\" data-id=\"4cfd359a\" data-element_type=\"column\">\n\t\t\t<div class=\"elementor-widget-wrap elementor-element-populated\">\n\t\t\t\t\t\t\t\t<div class=\"elementor-element elementor-element-4577d77 elementor-widget elementor-widget-heading\" data-id=\"4577d77\" data-element_type=\"widget\" data-widget_type=\"heading.default\">\n\t\t\t\t<div class=\"elementor-widget-container\">\n\t\t\t<h2 class=\"elementor-heading-title elementor-size-default\">OBSESSION KIDS<\/h2>\t\t<\/div>\n\t\t\t\t<\/div>\n\t\t\t\t<div class=\"elementor-element elementor-element-230fe984 elementor-widget-divider--view-line elementor-widget elementor-widget-divider\" data-id=\"230fe984\" data-element_type=\"widget\" data-widget_type=\"divider.default\">\n\t\t\t\t<div class=\"elementor-widget-container\">\n\t\t\t\t\t<div class=\"elementor-divider\">\n\t\t\t<span class=\"elementor-divider-separator\">\n\t\t\t\t\t\t<\/span>\n\t\t<\/div>\n\t\t\t\t<\/div>\n\t\t\t\t<\/div>\n\t\t\t\t<div class=\"elementor-element elementor-element-404b56a0 elementor-widget elementor-widget-spacer\" data-id=\"404b56a0\" data-element_type=\"widget\" data-widget_type=\"spacer.default\">\n\t\t\t\t<div class=\"elementor-widget-container\">\n\t\t\t\t\t<div class=\"elementor-spacer\">\n\t\t\t<div class=\"elementor-spacer-inner\"><\/div>\n\t\t<\/div>\n\t\t\t\t<\/div>\n\t\t\t\t<\/div>\n\t\t\t\t<div class=\"elementor-element elementor-element-ef906e3 elementor-widget elementor-widget-heading\" data-id=\"ef906e3\" data-element_type=\"widget\" data-widget_type=\"heading.default\">\n\t\t\t\t<div class=\"elementor-widget-container\">\n\t\t\t<h2 class=\"elementor-heading-title elementor-size-default\">MY TORINO KIDS 231 STREET<\/h2>\t\t<\/div>\n\t\t\t\t<\/div>\n\t\t\t\t<div class=\"elementor-element elementor-element-5898655 elementor-widget elementor-widget-text-editor\" data-id=\"5898655\" data-element_type=\"widget\" data-widget_type=\"text-editor.default\">\n\t\t\t\t<div class=\"elementor-widget-container\">\n\t\t\t\t\t\t\t<p>Nur eine von vielen Qualit\u00e4ten aus unseren Sortiment. Schauen Sie doch in unseren aktuellen <b><a href=\"https:\/\/www.obsession.team\/en\/katalog\/\">Catalog<\/a> <\/b>nach weiteren modernen Qualit\u00e4ten oder <a href=\"https:\/\/www.obsession.team\/en\/kontakt\/\">kontaktieren<\/a> Sie uns und wir senden Ihnen eine Produkt\u00fcbersicht zu.\u00a0<\/p><p>My Torino Kids is the next generation of children's carpets, with which OBSESSION expands this field with pedagogical usefulness! We have chosen three worlds of experience \u2013 the world map, the solar system and a city landscape \u2013 where your child's imagination can be tested in a playful way. It is visually guided and can thus, for example, discover the wildlife of our earth in a simplified form. In the English language, which is often brought closer to kindergarten, the first names are also made. In this way, your little ones can learn to organize and understand the complexity of our world from an early age.<br \/>Of course, the children's carpets are made of proven quality and are durable and easy to care for. Order My Torino Kids and give your children a gift in this picturesque form. The gift to explore the world!<\/p>\t\t\t\t\t\t<\/div>\n\t\t\t\t<\/div>\n\t\t\t\t<div class=\"elementor-element elementor-element-12d3a01c elementor-icon-list--layout-inline elementor-align-center elementor-list-item-link-full_width elementor-widget elementor-widget-icon-list\" data-id=\"12d3a01c\" data-element_type=\"widget\" data-widget_type=\"icon-list.default\">\n\t\t\t\t<div class=\"elementor-widget-container\">\n\t\t\t\t\t<ul class=\"elementor-icon-list-items elementor-inline-items\">\n\t\t\t\t\t\t\t<li class=\"elementor-icon-list-item elementor-inline-item\">\n\t\t\t\t\t\t\t\t\t\t\t<span class=\"elementor-icon-list-icon\">\n\t\t\t\t\t\t\t<i aria-hidden=\"true\" class=\"nc-icon-outline shopping_tag\"><\/i>\t\t\t\t\t\t<\/span>\n\t\t\t\t\t\t\t\t\t\t<span class=\"elementor-icon-list-text\">Artikel: MY TORINO KIDS 231 STREET<\/span>\n\t\t\t\t\t\t\t\t\t<\/li>\n\t\t\t\t\t\t\t\t<li class=\"elementor-icon-list-item elementor-inline-item\">\n\t\t\t\t\t\t\t\t\t\t\t<span class=\"elementor-icon-list-icon\">\n\t\t\t\t\t\t\t<i aria-hidden=\"true\" class=\"far fa-hand-paper\"><\/i>\t\t\t\t\t\t<\/span>\n\t\t\t\t\t\t\t\t\t\t<span class=\"elementor-icon-list-text\">Verarbeitung: JACQUARD WOVEN, PRINED<\/span>\n\t\t\t\t\t\t\t\t\t<\/li>\n\t\t\t\t\t\t\t\t<li class=\"elementor-icon-list-item elementor-inline-item\">\n\t\t\t\t\t\t\t\t\t\t\t<span class=\"elementor-icon-list-icon\">\n\t\t\t\t\t\t\t<i aria-hidden=\"true\" class=\"fas fa-arrows-alt-h\"><\/i>\t\t\t\t\t\t<\/span>\n\t\t\t\t\t\t\t\t\t\t<span class=\"elementor-icon-list-text\">Gr\u00f6\u00dfen:ca. 160 x 230 | 120 x 170  | 80 x 120cm <\/span>\n\t\t\t\t\t\t\t\t\t<\/li>\n\t\t\t\t\t\t<\/ul>\n\t\t\t\t<\/div>\n\t\t\t\t<\/div>\n\t\t\t\t<div class=\"elementor-element elementor-element-14cfb8e0 elementor-icon-list--layout-inline elementor-align-center elementor-list-item-link-full_width elementor-widget elementor-widget-icon-list\" data-id=\"14cfb8e0\" data-element_type=\"widget\" data-widget_type=\"icon-list.default\">\n\t\t\t\t<div class=\"elementor-widget-container\">\n\t\t\t\t\t<ul class=\"elementor-icon-list-items elementor-inline-items\">\n\t\t\t\t\t\t\t<li class=\"elementor-icon-list-item elementor-inline-item\">\n\t\t\t\t\t\t\t\t\t\t\t<span class=\"elementor-icon-list-icon\">\n\t\t\t\t\t\t\t<i aria-hidden=\"true\" class=\"fas fa-weight-hanging\"><\/i>\t\t\t\t\t\t<\/span>\n\t\t\t\t\t\t\t\t\t\t<span class=\"elementor-icon-list-text\">Gewicht: ca. 1400 g\/m\u00b2<\/span>\n\t\t\t\t\t\t\t\t\t<\/li>\n\t\t\t\t\t\t\t\t<li class=\"elementor-icon-list-item elementor-inline-item\">\n\t\t\t\t\t\t\t\t\t\t\t<span class=\"elementor-icon-list-icon\">\n\t\t\t\t\t\t\t<i aria-hidden=\"true\" class=\"nc-icon-outline nature_plant-vase\"><\/i>\t\t\t\t\t\t<\/span>\n\t\t\t\t\t\t\t\t\t\t<span class=\"elementor-icon-list-text\">Material: Polyester Chenille<\/span>\n\t\t\t\t\t\t\t\t\t<\/li>\n\t\t\t\t\t\t\t\t<li class=\"elementor-icon-list-item elementor-inline-item\">\n\t\t\t\t\t\t\t\t\t\t\t<span class=\"elementor-icon-list-icon\">\n\t\t\t\t\t\t\t<i aria-hidden=\"true\" class=\"fas fa-arrows-alt-v\"><\/i>\t\t\t\t\t\t<\/span>\n\t\t\t\t\t\t\t\t\t\t<span class=\"elementor-icon-list-text\">Gesamth\u00f6he: Flachgewebe<\/span>\n\t\t\t\t\t\t\t\t\t<\/li>\n\t\t\t\t\t\t\t\t<li class=\"elementor-icon-list-item elementor-inline-item\">\n\t\t\t\t\t\t\t\t\t\t\t<span class=\"elementor-icon-list-icon\">\n\t\t\t\t\t\t\t<i aria-hidden=\"true\" class=\"fab fa-phoenix-framework\"><\/i>\t\t\t\t\t\t<\/span>\n\t\t\t\t\t\t\t\t\t\t<span class=\"elementor-icon-list-text\">Herstellungsart: Maschinengewebt<\/span>\n\t\t\t\t\t\t\t\t\t<\/li>\n\t\t\t\t\t\t<\/ul>\n\t\t\t\t<\/div>\n\t\t\t\t<\/div>\n\t\t\t\t<div class=\"elementor-element elementor-element-5fc728d4 elementor-widget elementor-widget-text-editor\" data-id=\"5fc728d4\" data-element_type=\"widget\" data-widget_type=\"text-editor.default\">\n\t\t\t\t<div class=\"elementor-widget-container\">\n\t\t\t\t\t\t\t<section class=\"av_textblock_section\">\n<div class=\"avia_textblock\">\n<p><strong>Carpet Care Information<\/strong><\/p>\n<\/div>\n<\/section>\n<section class=\"av_textblock_section\">\n<div class=\"avia_textblock\">\n<p>Regular suction with a commercially available vacuum cleaner. Please do not use a brush vacuum cleaner as it may cause damage to the carpet. Easily pat stains with a damp cloth and remove them from the trade with a carpet cleaner. The carpet must not be cleaned wet.&nbsp;<\/p>\n<\/div>\n<\/section>\t\t\t\t\t\t<\/div>\n\t\t\t\t<\/div>\n\t\t\t\t<div class=\"elementor-element elementor-element-3c1666f5 elementor-widget-divider--view-line elementor-widget elementor-widget-divider\" data-id=\"3c1666f5\" data-element_type=\"widget\" data-widget_type=\"divider.default\">\n\t\t\t\t<div class=\"elementor-widget-container\">\n\t\t\t\t\t<div class=\"elementor-divider\">\n\t\t\t<span class=\"elementor-divider-separator\">\n\t\t\t\t\t\t<\/span>\n\t\t<\/div>\n\t\t\t\t<\/div>\n\t\t\t\t<\/div>\n\t\t\t\t\t<\/div>\n\t\t<\/div>\n\t\t\t\t\t\t\t<\/div>\n\t\t<\/section>\n\t\t\t\t\t\t\t<\/div>","protected":false},"excerpt":{"rendered":"<p>OBSESSION KIDS MY TORINO KIDS 231 STREET Nur eine von vielen Qualit\u00e4ten aus unseren Sortiment. Schauen Sie doch in unseren aktuellen Katalog nach weiteren modernen Qualit\u00e4ten oder kontaktieren Sie uns und wir senden Ihnen eine Produkt\u00fcbersicht zu.\u00a0 My Torino Kids ist die n\u00e4chste Generation von Kinder-Teppichen, mit denen OBSESSION diese Sparte um p\u00e4dagogische N\u00fctzlichkeit erweitert! [&hellip;]<\/p>\n","protected":false},"author":1,"featured_media":0,"parent":1354,"menu_order":0,"comment_status":"closed","ping_status":"closed","template":"page-templates\/fullwidth-content.php","meta":[],"_links":{"self":[{"href":"https:\/\/www.obsession.team\/en\/wp-json\/wp\/v2\/pages\/1809"}],"collection":[{"href":"https:\/\/www.obsession.team\/en\/wp-json\/wp\/v2\/pages"}],"about":[{"href":"https:\/\/www.obsession.team\/en\/wp-json\/wp\/v2\/types\/page"}],"author":[{"embeddable":true,"href":"https:\/\/www.obsession.team\/en\/wp-json\/wp\/v2\/users\/1"}],"replies":[{"embeddable":true,"href":"https:\/\/www.obsession.team\/en\/wp-json\/wp\/v2\/comments?post=1809"}],"version-history":[{"count":13,"href":"https:\/\/www.obsession.team\/en\/wp-json\/wp\/v2\/pages\/1809\/revisions"}],"predecessor-version":[{"id":2072,"href":"https:\/\/www.obsession.team\/en\/wp-json\/wp\/v2\/pages\/1809\/revisions\/2072"}],"up":[{"embeddable":true,"href":"https:\/\/www.obsession.team\/en\/wp-json\/wp\/v2\/pages\/1354"}],"wp:attachment":[{"href":"https:\/\/www.obsession.team\/en\/wp-json\/wp\/v2\/media?parent=1809"}],"curies":[{"name":"wp","href":"https:\/\/api.w.org\/{rel}","templated":true}]}}