{"id":1794,"date":"2021-02-12T11:44:48","date_gmt":"2021-02-12T11:44:48","guid":{"rendered":"https:\/\/www.obsession.team\/?page_id=1794"},"modified":"2021-04-16T11:12:02","modified_gmt":"2021-04-16T11:12:02","slug":"my-breeze-150-anthracite","status":"publish","type":"page","link":"https:\/\/www.obsession.team\/en\/teppiche\/my-breeze-150-anthracite\/","title":{"rendered":"MY BREEZE 150 ANTHRACITE"},"content":{"rendered":"<div data-elementor-type=\"wp-page\" data-elementor-id=\"1794\" class=\"elementor elementor-1794\">\n\t\t\t\t\t\t\t\t\t<section class=\"elementor-section elementor-top-section elementor-element elementor-element-2f676df7 elementor-section-boxed elementor-section-height-default elementor-section-height-default\" data-id=\"2f676df7\" data-element_type=\"section\">\n\t\t\t\t\t\t<div class=\"elementor-container elementor-column-gap-default\">\n\t\t\t\t\t<div class=\"elementor-column elementor-col-100 elementor-top-column elementor-element elementor-element-773a4c2f\" data-id=\"773a4c2f\" data-element_type=\"column\">\n\t\t\t<div class=\"elementor-widget-wrap elementor-element-populated\">\n\t\t\t\t\t\t\t\t<div class=\"elementor-element elementor-element-58c150f7 elementor-widget elementor-widget-heading\" data-id=\"58c150f7\" data-element_type=\"widget\" data-widget_type=\"heading.default\">\n\t\t\t\t<div class=\"elementor-widget-container\">\n\t\t\t<h2 class=\"elementor-heading-title elementor-size-default\">OBSESSION HAUTE COUTURE<br><\/h2>\t\t<\/div>\n\t\t\t\t<\/div>\n\t\t\t\t<div class=\"elementor-element elementor-element-2066692 elementor-widget-divider--view-line elementor-widget elementor-widget-divider\" data-id=\"2066692\" data-element_type=\"widget\" data-widget_type=\"divider.default\">\n\t\t\t\t<div class=\"elementor-widget-container\">\n\t\t\t\t\t<div class=\"elementor-divider\">\n\t\t\t<span class=\"elementor-divider-separator\">\n\t\t\t\t\t\t<\/span>\n\t\t<\/div>\n\t\t\t\t<\/div>\n\t\t\t\t<\/div>\n\t\t\t\t<div class=\"elementor-element elementor-element-dbc338e elementor-widget elementor-widget-spacer\" data-id=\"dbc338e\" data-element_type=\"widget\" data-widget_type=\"spacer.default\">\n\t\t\t\t<div class=\"elementor-widget-container\">\n\t\t\t\t\t<div class=\"elementor-spacer\">\n\t\t\t<div class=\"elementor-spacer-inner\"><\/div>\n\t\t<\/div>\n\t\t\t\t<\/div>\n\t\t\t\t<\/div>\n\t\t\t\t<div class=\"elementor-element elementor-element-9414f22 elementor-widget elementor-widget-heading\" data-id=\"9414f22\" data-element_type=\"widget\" data-widget_type=\"heading.default\">\n\t\t\t\t<div class=\"elementor-widget-container\">\n\t\t\t<h2 class=\"elementor-heading-title elementor-size-default\">MY BREEZE OF OBSESSION 150 ANTHRACITE<\/h2>\t\t<\/div>\n\t\t\t\t<\/div>\n\t\t\t\t<div class=\"elementor-element elementor-element-614fde6f elementor-widget elementor-widget-text-editor\" data-id=\"614fde6f\" data-element_type=\"widget\" data-widget_type=\"text-editor.default\">\n\t\t\t\t<div class=\"elementor-widget-container\">\n\t\t\t\t\t\t\t<p>Nur eine von vielen Qualit\u00e4ten aus unseren Sortiment. Schauen Sie doch in unseren aktuellen <b><a href=\"https:\/\/www.obsession.team\/en\/katalog\/\">Catalog<\/a> <\/b>nach weiteren modernen Qualit\u00e4ten oder <a href=\"https:\/\/www.obsession.team\/en\/kontakt\/\">kontaktieren<\/a> Sie uns und wir senden Ihnen eine Produkt\u00fcbersicht zu.\u00a0<\/p><p class=\"translation-block\">What association of pure clarity do you have? The silver moonlight in a winter-cold night? The design of Italian sports cars in the Monaco course? Scented lavender fields over the Tuscan hills? <br>We at OBSESSION have the Breeze of Obsession design carpet! The complete reduction to the essence of our tradition. Powerful colours, selected and tested to celebrate the ostensable character of the accessory: it is functional in the practical sense, but meaningful in accentuating, structuring and nuance. Selected materials that are subject to state-of-the-art optimization as they continue their tradition. That's why we made Breeze of Obsession from the highest-quality Lyocell fiber and chose colors of clearbrillation. <br>You have your association of pure clarity \u2013 we at OBSESSION have the ambition to fulfill it with this design carpet! Enjoy our HAUTE COUTURE line!<\/p>\t\t\t\t\t\t<\/div>\n\t\t\t\t<\/div>\n\t\t\t\t<div class=\"elementor-element elementor-element-447e4a66 elementor-icon-list--layout-inline elementor-align-center elementor-list-item-link-full_width elementor-widget elementor-widget-icon-list\" data-id=\"447e4a66\" data-element_type=\"widget\" data-widget_type=\"icon-list.default\">\n\t\t\t\t<div class=\"elementor-widget-container\">\n\t\t\t\t\t<ul class=\"elementor-icon-list-items elementor-inline-items\">\n\t\t\t\t\t\t\t<li class=\"elementor-icon-list-item elementor-inline-item\">\n\t\t\t\t\t\t\t\t\t\t\t<span class=\"elementor-icon-list-icon\">\n\t\t\t\t\t\t\t<i aria-hidden=\"true\" class=\"nc-icon-outline shopping_tag\"><\/i>\t\t\t\t\t\t<\/span>\n\t\t\t\t\t\t\t\t\t\t<span class=\"elementor-icon-list-text\">Artikel: BREEZE OF OBSESSION 150 ANTHRACITE<\/span>\n\t\t\t\t\t\t\t\t\t<\/li>\n\t\t\t\t\t\t\t\t<li class=\"elementor-icon-list-item elementor-inline-item\">\n\t\t\t\t\t\t\t\t\t\t\t<span class=\"elementor-icon-list-icon\">\n\t\t\t\t\t\t\t<i aria-hidden=\"true\" class=\"far fa-hand-paper\"><\/i>\t\t\t\t\t\t<\/span>\n\t\t\t\t\t\t\t\t\t\t<span class=\"elementor-icon-list-text\">Verarbeitung: Handgewebt<\/span>\n\t\t\t\t\t\t\t\t\t<\/li>\n\t\t\t\t\t\t\t\t<li class=\"elementor-icon-list-item elementor-inline-item\">\n\t\t\t\t\t\t\t\t\t\t\t<span class=\"elementor-icon-list-icon\">\n\t\t\t\t\t\t\t<i aria-hidden=\"true\" class=\"fas fa-arrows-alt-h\"><\/i>\t\t\t\t\t\t<\/span>\n\t\t\t\t\t\t\t\t\t\t<span class=\"elementor-icon-list-text\">Gr\u00f6\u00dfen: ca. 250 x 230 | 200 x 290 | 200 x 250 | 160 x 230  | 140 x 200 | 120 x 170  | 80 x 150cm<\/span>\n\t\t\t\t\t\t\t\t\t<\/li>\n\t\t\t\t\t\t<\/ul>\n\t\t\t\t<\/div>\n\t\t\t\t<\/div>\n\t\t\t\t<div class=\"elementor-element elementor-element-a9de55e elementor-icon-list--layout-inline elementor-align-center elementor-list-item-link-full_width elementor-widget elementor-widget-icon-list\" data-id=\"a9de55e\" data-element_type=\"widget\" data-widget_type=\"icon-list.default\">\n\t\t\t\t<div class=\"elementor-widget-container\">\n\t\t\t\t\t<ul class=\"elementor-icon-list-items elementor-inline-items\">\n\t\t\t\t\t\t\t<li class=\"elementor-icon-list-item elementor-inline-item\">\n\t\t\t\t\t\t\t\t\t\t\t<span class=\"elementor-icon-list-icon\">\n\t\t\t\t\t\t\t<i aria-hidden=\"true\" class=\"fas fa-weight-hanging\"><\/i>\t\t\t\t\t\t<\/span>\n\t\t\t\t\t\t\t\t\t\t<span class=\"elementor-icon-list-text\">Gewicht: ca. 5000 g\/m\u00b2<\/span>\n\t\t\t\t\t\t\t\t\t<\/li>\n\t\t\t\t\t\t\t\t<li class=\"elementor-icon-list-item elementor-inline-item\">\n\t\t\t\t\t\t\t\t\t\t\t<span class=\"elementor-icon-list-icon\">\n\t\t\t\t\t\t\t<i aria-hidden=\"true\" class=\"nc-icon-outline nature_plant-vase\"><\/i>\t\t\t\t\t\t<\/span>\n\t\t\t\t\t\t\t\t\t\t<span class=\"elementor-icon-list-text\">Material: 100% Doppelzwirn Lyocell<\/span>\n\t\t\t\t\t\t\t\t\t<\/li>\n\t\t\t\t\t\t\t\t<li class=\"elementor-icon-list-item elementor-inline-item\">\n\t\t\t\t\t\t\t\t\t\t\t<span class=\"elementor-icon-list-icon\">\n\t\t\t\t\t\t\t<i aria-hidden=\"true\" class=\"fas fa-arrows-alt-v\"><\/i>\t\t\t\t\t\t<\/span>\n\t\t\t\t\t\t\t\t\t\t<span class=\"elementor-icon-list-text\">Gesamth\u00f6he: ca. 18 mm<\/span>\n\t\t\t\t\t\t\t\t\t<\/li>\n\t\t\t\t\t\t<\/ul>\n\t\t\t\t<\/div>\n\t\t\t\t<\/div>\n\t\t\t\t<div class=\"elementor-element elementor-element-7060ac80 elementor-widget elementor-widget-text-editor\" data-id=\"7060ac80\" data-element_type=\"widget\" data-widget_type=\"text-editor.default\">\n\t\t\t\t<div class=\"elementor-widget-container\">\n\t\t\t\t\t\t\t<section class=\"av_textblock_section\">\n<div class=\"avia_textblock\">\n<p><strong>Carpet Care Information<\/strong><\/p>\n<\/div>\n<\/section>\n<section class=\"av_textblock_section\">\n<div class=\"avia_textblock\">\n<p>Regular suction with a commercially available vacuum cleaner. Please do not use a brush vacuum cleaner as it may cause damage to the carpet. Easily pat stains with a damp cloth and remove them from the trade with a carpet cleaner. The carpet must not be cleaned wet.&nbsp;<\/p>\n<\/div>\n<\/section>\t\t\t\t\t\t<\/div>\n\t\t\t\t<\/div>\n\t\t\t\t<div class=\"elementor-element elementor-element-48690110 elementor-widget-divider--view-line elementor-widget elementor-widget-divider\" data-id=\"48690110\" data-element_type=\"widget\" data-widget_type=\"divider.default\">\n\t\t\t\t<div class=\"elementor-widget-container\">\n\t\t\t\t\t<div class=\"elementor-divider\">\n\t\t\t<span class=\"elementor-divider-separator\">\n\t\t\t\t\t\t<\/span>\n\t\t<\/div>\n\t\t\t\t<\/div>\n\t\t\t\t<\/div>\n\t\t\t\t\t<\/div>\n\t\t<\/div>\n\t\t\t\t\t\t\t<\/div>\n\t\t<\/section>\n\t\t\t\t\t\t\t<\/div>","protected":false},"excerpt":{"rendered":"<p>OBSESSION HAUTE COUTURE MY BREEZE OF OBSESSION 150 ANTHRACITE Nur eine von vielen Qualit\u00e4ten aus unseren Sortiment. Schauen Sie doch in unseren aktuellen Katalog nach weiteren modernen Qualit\u00e4ten oder kontaktieren Sie uns und wir senden Ihnen eine Produkt\u00fcbersicht zu.\u00a0 Welche Assoziation purer Klarheit haben Sie? Der silberne Mondschein in winterkalter Nacht? Die Formgebung italienischer Sportwagen [&hellip;]<\/p>\n","protected":false},"author":1,"featured_media":0,"parent":1354,"menu_order":0,"comment_status":"closed","ping_status":"closed","template":"page-templates\/fullwidth-content.php","meta":[],"_links":{"self":[{"href":"https:\/\/www.obsession.team\/en\/wp-json\/wp\/v2\/pages\/1794"}],"collection":[{"href":"https:\/\/www.obsession.team\/en\/wp-json\/wp\/v2\/pages"}],"about":[{"href":"https:\/\/www.obsession.team\/en\/wp-json\/wp\/v2\/types\/page"}],"author":[{"embeddable":true,"href":"https:\/\/www.obsession.team\/en\/wp-json\/wp\/v2\/users\/1"}],"replies":[{"embeddable":true,"href":"https:\/\/www.obsession.team\/en\/wp-json\/wp\/v2\/comments?post=1794"}],"version-history":[{"count":13,"href":"https:\/\/www.obsession.team\/en\/wp-json\/wp\/v2\/pages\/1794\/revisions"}],"predecessor-version":[{"id":2090,"href":"https:\/\/www.obsession.team\/en\/wp-json\/wp\/v2\/pages\/1794\/revisions\/2090"}],"up":[{"embeddable":true,"href":"https:\/\/www.obsession.team\/en\/wp-json\/wp\/v2\/pages\/1354"}],"wp:attachment":[{"href":"https:\/\/www.obsession.team\/en\/wp-json\/wp\/v2\/media?parent=1794"}],"curies":[{"name":"wp","href":"https:\/\/api.w.org\/{rel}","templated":true}]}}