{"id":1761,"date":"2021-02-12T11:11:05","date_gmt":"2021-02-12T11:11:05","guid":{"rendered":"https:\/\/www.obsession.team\/?page_id=1761"},"modified":"2021-04-16T11:15:59","modified_gmt":"2021-04-16T11:15:59","slug":"my-samba-495-anthracite","status":"publish","type":"page","link":"https:\/\/www.obsession.team\/en\/teppiche\/my-samba-495-anthracite\/","title":{"rendered":"MY SAMBA 495 ANTHRACITE"},"content":{"rendered":"<div data-elementor-type=\"wp-page\" data-elementor-id=\"1761\" class=\"elementor elementor-1761\">\n\t\t\t\t\t\t\t\t\t<section class=\"elementor-section elementor-top-section elementor-element elementor-element-62a268e8 elementor-section-boxed elementor-section-height-default elementor-section-height-default\" data-id=\"62a268e8\" data-element_type=\"section\">\n\t\t\t\t\t\t<div class=\"elementor-container elementor-column-gap-default\">\n\t\t\t\t\t<div class=\"elementor-column elementor-col-100 elementor-top-column elementor-element elementor-element-6cd1ce64\" data-id=\"6cd1ce64\" data-element_type=\"column\">\n\t\t\t<div class=\"elementor-widget-wrap elementor-element-populated\">\n\t\t\t\t\t\t\t\t<div class=\"elementor-element elementor-element-63cfc2f0 elementor-widget elementor-widget-heading\" data-id=\"63cfc2f0\" data-element_type=\"widget\" data-widget_type=\"heading.default\">\n\t\t\t\t<div class=\"elementor-widget-container\">\n\t\t\t<h2 class=\"elementor-heading-title elementor-size-default\">OBSESSION SKINS<\/h2>\t\t<\/div>\n\t\t\t\t<\/div>\n\t\t\t\t<div class=\"elementor-element elementor-element-528d3a59 elementor-widget-divider--view-line elementor-widget elementor-widget-divider\" data-id=\"528d3a59\" data-element_type=\"widget\" data-widget_type=\"divider.default\">\n\t\t\t\t<div class=\"elementor-widget-container\">\n\t\t\t\t\t<div class=\"elementor-divider\">\n\t\t\t<span class=\"elementor-divider-separator\">\n\t\t\t\t\t\t<\/span>\n\t\t<\/div>\n\t\t\t\t<\/div>\n\t\t\t\t<\/div>\n\t\t\t\t<div class=\"elementor-element elementor-element-4f6858f1 elementor-widget elementor-widget-spacer\" data-id=\"4f6858f1\" data-element_type=\"widget\" data-widget_type=\"spacer.default\">\n\t\t\t\t<div class=\"elementor-widget-container\">\n\t\t\t\t\t<div class=\"elementor-spacer\">\n\t\t\t<div class=\"elementor-spacer-inner\"><\/div>\n\t\t<\/div>\n\t\t\t\t<\/div>\n\t\t\t\t<\/div>\n\t\t\t\t<div class=\"elementor-element elementor-element-6ce881a3 elementor-widget elementor-widget-heading\" data-id=\"6ce881a3\" data-element_type=\"widget\" data-widget_type=\"heading.default\">\n\t\t\t\t<div class=\"elementor-widget-container\">\n\t\t\t<h2 class=\"elementor-heading-title elementor-size-default\">MY SAMBA 495 ANTHRACITE <\/h2>\t\t<\/div>\n\t\t\t\t<\/div>\n\t\t\t\t<div class=\"elementor-element elementor-element-38a346ae elementor-widget elementor-widget-text-editor\" data-id=\"38a346ae\" data-element_type=\"widget\" data-widget_type=\"text-editor.default\">\n\t\t\t\t<div class=\"elementor-widget-container\">\n\t\t\t\t\t\t\t<p>Nur eine von vielen Qualit\u00e4ten aus unseren Sortiment. Schauen Sie doch in unseren aktuellen <b><a href=\"https:\/\/www.obsession.team\/en\/katalog\/\">Catalog<\/a> <\/b>nach weiteren modernen Qualit\u00e4ten oder <a href=\"https:\/\/www.obsession.team\/en\/kontakt\/\">kontaktieren<\/a> Sie uns und wir senden Ihnen eine Produkt\u00fcbersicht zu.\u00a0<\/p><p>What distinguishes an individual, stylish furnishing, if not the small details, the playful decoration, the coming together of the individual elements \u2013 lovingly collected and coordinated with each other? With the Fauxfell My Samba, we at OBSESSION want to make a small contribution to your very own living and well-being world. Whether draped on this stylish chair you have chosen for your home, or simply as a luxury carpet in front of your L\u00fcmmel couch. Soft and cuddly made for some cozy hour. My Samba's design power is given by the special dip-dye technique. The \"hair tips\" slightly colored \u2013 as kissed by the sun! Powerful, changing colours: Ivory, Silver, Taupe or Powder Pink \u2013 find your personal piece of jewellery, memorabidness, favorite piece. Whatever you will experience with our faux fur My Samba \u2013 we at OBSESSION are excited and wish you a lot of fun with it!<\/p>\t\t\t\t\t\t<\/div>\n\t\t\t\t<\/div>\n\t\t\t\t<div class=\"elementor-element elementor-element-5aa5069a elementor-icon-list--layout-inline elementor-align-center elementor-list-item-link-full_width elementor-widget elementor-widget-icon-list\" data-id=\"5aa5069a\" data-element_type=\"widget\" data-widget_type=\"icon-list.default\">\n\t\t\t\t<div class=\"elementor-widget-container\">\n\t\t\t\t\t<ul class=\"elementor-icon-list-items elementor-inline-items\">\n\t\t\t\t\t\t\t<li class=\"elementor-icon-list-item elementor-inline-item\">\n\t\t\t\t\t\t\t\t\t\t\t<span class=\"elementor-icon-list-icon\">\n\t\t\t\t\t\t\t<i aria-hidden=\"true\" class=\"nc-icon-outline shopping_tag\"><\/i>\t\t\t\t\t\t<\/span>\n\t\t\t\t\t\t\t\t\t\t<span class=\"elementor-icon-list-text\">Artikel: MY SAMBA 495 ANTHRACITE<\/span>\n\t\t\t\t\t\t\t\t\t<\/li>\n\t\t\t\t\t\t\t\t<li class=\"elementor-icon-list-item elementor-inline-item\">\n\t\t\t\t\t\t\t\t\t\t\t<span class=\"elementor-icon-list-icon\">\n\t\t\t\t\t\t\t<i aria-hidden=\"true\" class=\"far fa-hand-paper\"><\/i>\t\t\t\t\t\t<\/span>\n\t\t\t\t\t\t\t\t\t\t<span class=\"elementor-icon-list-text\">Verarbeitung: 2-Ton-Farbveredlung und extrem weich<\/span>\n\t\t\t\t\t\t\t\t\t<\/li>\n\t\t\t\t\t\t\t\t<li class=\"elementor-icon-list-item elementor-inline-item\">\n\t\t\t\t\t\t\t\t\t\t\t<span class=\"elementor-icon-list-icon\">\n\t\t\t\t\t\t\t<i aria-hidden=\"true\" class=\"fas fa-arrows-alt-h\"><\/i>\t\t\t\t\t\t<\/span>\n\t\t\t\t\t\t\t\t\t\t<span class=\"elementor-icon-list-text\">Gr\u00f6\u00dfen: ca. 160\u00d7230 |  160\u00d7160 | 120\u00d7170 | 80\u00d7150 | 80\u00d780 | 60\u00d7110 | 55\u00d785cm Tierform<\/span>\n\t\t\t\t\t\t\t\t\t<\/li>\n\t\t\t\t\t\t<\/ul>\n\t\t\t\t<\/div>\n\t\t\t\t<\/div>\n\t\t\t\t<div class=\"elementor-element elementor-element-839b933 elementor-icon-list--layout-inline elementor-align-center elementor-list-item-link-full_width elementor-widget elementor-widget-icon-list\" data-id=\"839b933\" data-element_type=\"widget\" data-widget_type=\"icon-list.default\">\n\t\t\t\t<div class=\"elementor-widget-container\">\n\t\t\t\t\t<ul class=\"elementor-icon-list-items elementor-inline-items\">\n\t\t\t\t\t\t\t<li class=\"elementor-icon-list-item elementor-inline-item\">\n\t\t\t\t\t\t\t\t\t\t\t<span class=\"elementor-icon-list-icon\">\n\t\t\t\t\t\t\t<i aria-hidden=\"true\" class=\"fas fa-weight-hanging\"><\/i>\t\t\t\t\t\t<\/span>\n\t\t\t\t\t\t\t\t\t\t<span class=\"elementor-icon-list-text\">Gewicht: ca. 1400 g\/m\u00b2<\/span>\n\t\t\t\t\t\t\t\t\t<\/li>\n\t\t\t\t\t\t\t\t<li class=\"elementor-icon-list-item elementor-inline-item\">\n\t\t\t\t\t\t\t\t\t\t\t<span class=\"elementor-icon-list-icon\">\n\t\t\t\t\t\t\t<i aria-hidden=\"true\" class=\"nc-icon-outline nature_plant-vase\"><\/i>\t\t\t\t\t\t<\/span>\n\t\t\t\t\t\t\t\t\t\t<span class=\"elementor-icon-list-text\">Material: 90% Acryl + 10% Polyester<\/span>\n\t\t\t\t\t\t\t\t\t<\/li>\n\t\t\t\t\t\t\t\t<li class=\"elementor-icon-list-item elementor-inline-item\">\n\t\t\t\t\t\t\t\t\t\t\t<span class=\"elementor-icon-list-icon\">\n\t\t\t\t\t\t\t<i aria-hidden=\"true\" class=\"fas fa-arrows-alt-v\"><\/i>\t\t\t\t\t\t<\/span>\n\t\t\t\t\t\t\t\t\t\t<span class=\"elementor-icon-list-text\">Gesamth\u00f6he: ca. 35 mm<\/span>\n\t\t\t\t\t\t\t\t\t<\/li>\n\t\t\t\t\t\t<\/ul>\n\t\t\t\t<\/div>\n\t\t\t\t<\/div>\n\t\t\t\t<div class=\"elementor-element elementor-element-414dfd0e elementor-widget elementor-widget-text-editor\" data-id=\"414dfd0e\" data-element_type=\"widget\" data-widget_type=\"text-editor.default\">\n\t\t\t\t<div class=\"elementor-widget-container\">\n\t\t\t\t\t\t\t<section class=\"av_textblock_section\">\n<div class=\"avia_textblock\">\n<p><strong>Carpet Care Information<\/strong><\/p>\n<\/div>\n<\/section>\n<section class=\"av_textblock_section\">\n<div class=\"avia_textblock\">\n<p>Regular suction with a commercially available vacuum cleaner. Please do not use a brush vacuum cleaner as it may cause damage to the carpet. Easily pat stains with a damp cloth and remove them from the trade with a carpet cleaner. The carpet must not be cleaned wet.&nbsp;<\/p>\n<\/div>\n<\/section>\t\t\t\t\t\t<\/div>\n\t\t\t\t<\/div>\n\t\t\t\t<div class=\"elementor-element elementor-element-7027d525 elementor-widget-divider--view-line elementor-widget elementor-widget-divider\" data-id=\"7027d525\" data-element_type=\"widget\" data-widget_type=\"divider.default\">\n\t\t\t\t<div class=\"elementor-widget-container\">\n\t\t\t\t\t<div class=\"elementor-divider\">\n\t\t\t<span class=\"elementor-divider-separator\">\n\t\t\t\t\t\t<\/span>\n\t\t<\/div>\n\t\t\t\t<\/div>\n\t\t\t\t<\/div>\n\t\t\t\t\t<\/div>\n\t\t<\/div>\n\t\t\t\t\t\t\t<\/div>\n\t\t<\/section>\n\t\t\t\t\t\t\t<\/div>","protected":false},"excerpt":{"rendered":"<p>OBSESSION SKINS MY SAMBA 495 ANTHRACITE Nur eine von vielen Qualit\u00e4ten aus unseren Sortiment. Schauen Sie doch in unseren aktuellen Katalog nach weiteren modernen Qualit\u00e4ten oder kontaktieren Sie uns und wir senden Ihnen eine Produkt\u00fcbersicht zu.\u00a0 Was zeichnet eine individuelle, stilvolle Einrichtung aus, wenn nicht die kleinen Details, die spielerische Zierde, das Zusammenkommen der einzelnen [&hellip;]<\/p>\n","protected":false},"author":1,"featured_media":0,"parent":1354,"menu_order":0,"comment_status":"closed","ping_status":"closed","template":"","meta":[],"_links":{"self":[{"href":"https:\/\/www.obsession.team\/en\/wp-json\/wp\/v2\/pages\/1761"}],"collection":[{"href":"https:\/\/www.obsession.team\/en\/wp-json\/wp\/v2\/pages"}],"about":[{"href":"https:\/\/www.obsession.team\/en\/wp-json\/wp\/v2\/types\/page"}],"author":[{"embeddable":true,"href":"https:\/\/www.obsession.team\/en\/wp-json\/wp\/v2\/users\/1"}],"replies":[{"embeddable":true,"href":"https:\/\/www.obsession.team\/en\/wp-json\/wp\/v2\/comments?post=1761"}],"version-history":[{"count":10,"href":"https:\/\/www.obsession.team\/en\/wp-json\/wp\/v2\/pages\/1761\/revisions"}],"predecessor-version":[{"id":2114,"href":"https:\/\/www.obsession.team\/en\/wp-json\/wp\/v2\/pages\/1761\/revisions\/2114"}],"up":[{"embeddable":true,"href":"https:\/\/www.obsession.team\/en\/wp-json\/wp\/v2\/pages\/1354"}],"wp:attachment":[{"href":"https:\/\/www.obsession.team\/en\/wp-json\/wp\/v2\/media?parent=1761"}],"curies":[{"name":"wp","href":"https:\/\/api.w.org\/{rel}","templated":true}]}}